{"id":84,"date":"2023-11-19T19:54:30","date_gmt":"2023-11-19T18:54:30","guid":{"rendered":"https:\/\/kongin.online\/?page_id=84"},"modified":"2026-03-28T09:15:31","modified_gmt":"2026-03-28T08:15:31","slug":"projektmanagement-und-repraesentations-dienste","status":"publish","type":"page","link":"https:\/\/kongin.online\/?page_id=84","title":{"rendered":"Projektmanagement &amp; Repr\u00e4sentation \u2014 weltweit remote, vor Ort in Asien."},"content":{"rendered":"\n<figure class=\"wp-block-image size-large\"><img loading=\"lazy\" decoding=\"async\" width=\"1024\" height=\"690\" src=\"https:\/\/kongin.online\/wp-content\/uploads\/2023\/11\/woman-2773007_1280-1024x690.jpg\" alt=\"\" class=\"wp-image-81\" srcset=\"https:\/\/kongin.online\/wp-content\/uploads\/2023\/11\/woman-2773007_1280-1024x690.jpg 1024w, https:\/\/kongin.online\/wp-content\/uploads\/2023\/11\/woman-2773007_1280-300x202.jpg 300w, https:\/\/kongin.online\/wp-content\/uploads\/2023\/11\/woman-2773007_1280-768x517.jpg 768w, https:\/\/kongin.online\/wp-content\/uploads\/2023\/11\/woman-2773007_1280.jpg 1280w\" sizes=\"auto, (max-width: 1024px) 100vw, 1024px\" \/><\/figure>\n\n\n\n<p class=\"has-medium-font-size\"><strong>Zwei Leistungen, ein Ziel:<\/strong> <br>Ihre Projekte laufen \u2014 egal wo auf der Welt. Wir bieten Remote Projektmanagement f\u00fcr internationale Kunden sowie physische Repr\u00e4sentanz f\u00fcr Projekte in Asien. <br>Beides zu Konditionen, die europ\u00e4ische Anbieter kaum erreichen k\u00f6nnen.<\/p>\n\n\n\n<p class=\"has-medium-font-size\"><strong>Remote Projektmanagement \u2014 weltweit:<\/strong><br>Ob Europa, Asien oder anderswo \u2014 wir \u00fcbernehmen Projektsteuerung, Kommunikation mit Stakeholdern und Produktbacklog-Management vollst\u00e4ndig remote. Kompetent, strukturiert und zu deutlich g\u00fcnstigeren Konditionen als vergleichbare Anbieter in Europa \u2014 bei gleicher Qualit\u00e4t.<\/p>\n\n\n\n<p class=\"has-medium-font-size\"><strong>Vor-Ort Repr\u00e4sentanz &amp; Inspektionen \u2014 Asien:<\/strong><br>Unser Standort in Thailand macht uns zum idealen Partner f\u00fcr Projekte in Asien. Wir sind nah, kennen die kulturellen Gegebenheiten und k\u00f6nnen kurzfristig pers\u00f6nlich vor Ort erscheinen \u2014 zu realistischen Reisekosten.<\/p>\n\n\n\n<figure class=\"wp-block-gallery has-nested-images columns-default is-cropped wp-block-gallery-1 is-layout-flex wp-block-gallery-is-layout-flex\">\n<figure class=\"wp-block-image size-large\"><img loading=\"lazy\" decoding=\"async\" width=\"1024\" height=\"530\" data-id=\"90\" src=\"https:\/\/kongin.online\/wp-content\/uploads\/2023\/11\/20130910_130309-scaled-e1700420959102-1024x530.jpg\" alt=\"\" class=\"wp-image-90\" srcset=\"https:\/\/kongin.online\/wp-content\/uploads\/2023\/11\/20130910_130309-scaled-e1700420959102-1024x530.jpg 1024w, https:\/\/kongin.online\/wp-content\/uploads\/2023\/11\/20130910_130309-scaled-e1700420959102-300x155.jpg 300w, https:\/\/kongin.online\/wp-content\/uploads\/2023\/11\/20130910_130309-scaled-e1700420959102-768x398.jpg 768w, https:\/\/kongin.online\/wp-content\/uploads\/2023\/11\/20130910_130309-scaled-e1700420959102.jpg 1440w\" sizes=\"auto, (max-width: 1024px) 100vw, 1024px\" \/><\/figure>\n\n\n\n<figure class=\"wp-block-image size-large\"><img loading=\"lazy\" decoding=\"async\" width=\"1024\" height=\"576\" data-id=\"91\" src=\"https:\/\/kongin.online\/wp-content\/uploads\/2023\/11\/20150427_152519-1024x576.jpeg\" alt=\"\" class=\"wp-image-91\" srcset=\"https:\/\/kongin.online\/wp-content\/uploads\/2023\/11\/20150427_152519-1024x576.jpeg 1024w, https:\/\/kongin.online\/wp-content\/uploads\/2023\/11\/20150427_152519-300x169.jpeg 300w, https:\/\/kongin.online\/wp-content\/uploads\/2023\/11\/20150427_152519-768x432.jpeg 768w, https:\/\/kongin.online\/wp-content\/uploads\/2023\/11\/20150427_152519-1536x864.jpeg 1536w, https:\/\/kongin.online\/wp-content\/uploads\/2023\/11\/20150427_152519-2048x1152.jpeg 2048w\" sizes=\"auto, (max-width: 1024px) 100vw, 1024px\" \/><\/figure>\n\n\n\n<figure class=\"wp-block-image size-large\"><img loading=\"lazy\" decoding=\"async\" width=\"1024\" height=\"576\" data-id=\"92\" src=\"https:\/\/kongin.online\/wp-content\/uploads\/2023\/11\/20131101_154324-1024x576.jpg\" alt=\"\" class=\"wp-image-92\"\/><\/figure>\n<\/figure>\n\n\n\n<p class=\"has-medium-font-size\"><strong>Leistungs-Liste Asien:<\/strong><\/p>\n\n\n\n<ul class=\"wp-block-list has-medium-font-size\">\n<li>Qualit\u00e4tskontrollen und Lieferantenpr\u00fcfung in der Produktion<\/li>\n\n\n\n<li>Versandinspektionen und Fotodokumentation<\/li>\n\n\n\n<li>Pers\u00f6nliche Repr\u00e4sentanz bei Lieferanten und Partnern<\/li>\n\n\n\n<li>Deeskalation und kulturelle Vermittlung vor Ort<\/li>\n<\/ul>\n\n\n\n<p class=\"has-medium-font-size\"><strong>Kostenvorteil:<\/strong><br>Unsere Leistungen sind durch unseren Standort in Thailand strukturell g\u00fcnstiger als vergleichbare europ\u00e4ische Anbieter \u2014 bei identischer Kompetenz und Qualit\u00e4t. <br>Kein Overhead, keine versteckten Kosten.<\/p>\n\n\n\n<p class=\"has-medium-font-size\">Interesse? Kontaktieren Sie uns \u00fcber unser <a href=\"https:\/\/kongin.online\/?page_id=531\">Kontaktformular<\/a>.<\/p>\n\n\n\n<div class=\"wp-block-buttons is-layout-flex wp-block-buttons-is-layout-flex\">\n<div class=\"wp-block-button has-custom-width wp-block-button__width-50\"><a class=\"wp-block-button__link has-medium-font-size has-custom-font-size wp-element-button\" href=\"https:\/\/kongin.online\/?page_id=531\">Kontakt-Formular<\/a><\/div>\n<\/div>\n\n\n\n<p class=\"has-medium-font-size\"><\/p>\n\n\n\n<p class=\"has-white-color has-text-color has-background has-link-color wp-elements-acc6ea4b813d7d3f0ba685c4f669379f\" style=\"background-color:#18a571\"><strong>LINE: <\/strong><\/p>\n","protected":false},"excerpt":{"rendered":"<p>Zwei Leistungen, ein Ziel: Ihre Projekte laufen \u2014 egal wo auf der Welt. Wir bieten Remote Projektmanagement f\u00fcr internationale Kunden sowie physische Repr\u00e4sentanz f\u00fcr Projekte&hellip;<\/p>\n","protected":false},"author":1,"featured_media":0,"parent":0,"menu_order":0,"comment_status":"closed","ping_status":"closed","template":"","meta":{"footnotes":""},"class_list":["post-84","page","type-page","status-publish","hentry"],"_links":{"self":[{"href":"https:\/\/kongin.online\/index.php?rest_route=\/wp\/v2\/pages\/84","targetHints":{"allow":["GET"]}}],"collection":[{"href":"https:\/\/kongin.online\/index.php?rest_route=\/wp\/v2\/pages"}],"about":[{"href":"https:\/\/kongin.online\/index.php?rest_route=\/wp\/v2\/types\/page"}],"author":[{"embeddable":true,"href":"https:\/\/kongin.online\/index.php?rest_route=\/wp\/v2\/users\/1"}],"replies":[{"embeddable":true,"href":"https:\/\/kongin.online\/index.php?rest_route=%2Fwp%2Fv2%2Fcomments&post=84"}],"version-history":[{"count":20,"href":"https:\/\/kongin.online\/index.php?rest_route=\/wp\/v2\/pages\/84\/revisions"}],"predecessor-version":[{"id":637,"href":"https:\/\/kongin.online\/index.php?rest_route=\/wp\/v2\/pages\/84\/revisions\/637"}],"wp:attachment":[{"href":"https:\/\/kongin.online\/index.php?rest_route=%2Fwp%2Fv2%2Fmedia&parent=84"}],"curies":[{"name":"wp","href":"https:\/\/api.w.org\/{rel}","templated":true}]}}